{"id":983,"date":"2015-11-30T21:41:19","date_gmt":"2015-11-30T20:41:19","guid":{"rendered":"http:\/\/caroleamores.com\/?page_id=983"},"modified":"2016-12-03T01:17:29","modified_gmt":"2016-12-03T00:17:29","slug":"qui-suis-je","status":"publish","type":"page","link":"https:\/\/caroleamores.com\/index.php\/qui-suis-je\/","title":{"rendered":"Qui suis-je ?"},"content":{"rendered":"<p style=\"text-align: center;\">\n<p style=\"text-align: center;\">\n<p style=\"text-align: center;\"><!--more--><a href=\"https:\/\/i0.wp.com\/caroleamores.com\/wp-content\/uploads\/2015\/11\/cropped-Carole-jardin2.jpg?ssl=1\"><img loading=\"lazy\" decoding=\"async\" data-attachment-id=\"1146\" data-permalink=\"https:\/\/caroleamores.com\/index.php\/qui-suis-je\/cropped-carole-jardin2-jpg\/\" data-orig-file=\"https:\/\/i0.wp.com\/caroleamores.com\/wp-content\/uploads\/2015\/11\/cropped-Carole-jardin2.jpg?fit=512%2C512&amp;ssl=1\" data-orig-size=\"512,512\" data-comments-opened=\"1\" data-image-meta=\"{&quot;aperture&quot;:&quot;0&quot;,&quot;credit&quot;:&quot;&quot;,&quot;camera&quot;:&quot;&quot;,&quot;caption&quot;:&quot;&quot;,&quot;created_timestamp&quot;:&quot;0&quot;,&quot;copyright&quot;:&quot;&quot;,&quot;focal_length&quot;:&quot;0&quot;,&quot;iso&quot;:&quot;0&quot;,&quot;shutter_speed&quot;:&quot;0&quot;,&quot;title&quot;:&quot;&quot;,&quot;orientation&quot;:&quot;0&quot;}\" data-image-title=\"cropped-Carole-jardin2.jpg\" data-image-description=\"&lt;p&gt;http:\/\/caroleamores.com\/wp-content\/uploads\/2015\/11\/cropped-Carole-jardin2.jpg&lt;\/p&gt;\n\" data-image-caption=\"\" data-medium-file=\"https:\/\/i0.wp.com\/caroleamores.com\/wp-content\/uploads\/2015\/11\/cropped-Carole-jardin2.jpg?fit=300%2C300&amp;ssl=1\" data-large-file=\"https:\/\/i0.wp.com\/caroleamores.com\/wp-content\/uploads\/2015\/11\/cropped-Carole-jardin2.jpg?fit=512%2C512&amp;ssl=1\" class=\"alignnone wp-image-1146 size-full\" src=\"https:\/\/i0.wp.com\/caroleamores.com\/wp-content\/uploads\/2015\/11\/cropped-Carole-jardin2.jpg?resize=512%2C512&#038;ssl=1\" sizes=\"(max-width: 512px) 100vw, 512px\" srcset=\"http:\/\/i2.wp.com\/caroleamores.com\/wp-content\/uploads\/2015\/11\/cropped-Carole-jardin2.jpg?w=512 512w, http:\/\/i2.wp.com\/caroleamores.com\/wp-content\/uploads\/2015\/11\/cropped-Carole-jardin2.jpg?resize=150%2C150 150w, http:\/\/i2.wp.com\/caroleamores.com\/wp-content\/uploads\/2015\/11\/cropped-Carole-jardin2.jpg?resize=300%2C300 300w, http:\/\/i2.wp.com\/caroleamores.com\/wp-content\/uploads\/2015\/11\/cropped-Carole-jardin2.jpg?resize=270%2C270 270w, http:\/\/i2.wp.com\/caroleamores.com\/wp-content\/uploads\/2015\/11\/cropped-Carole-jardin2.jpg?resize=192%2C192 192w, http:\/\/i2.wp.com\/caroleamores.com\/wp-content\/uploads\/2015\/11\/cropped-Carole-jardin2.jpg?resize=180%2C180 180w, http:\/\/i2.wp.com\/caroleamores.com\/wp-content\/uploads\/2015\/11\/cropped-Carole-jardin2.jpg?resize=32%2C32 32w\" alt=\"cropped-Carole-jardin2.jpg\" width=\"512\" height=\"512\" data-recalc-dims=\"1\" \/><\/a><\/p>\n<h1 dir=\"ltr\"><span style=\"color: #c6168d;\">Qui suis-je ?<\/span><\/h1>\n<p dir=\"ltr\">Je suis une femme, th\u00e9rapeute, maman, \u00e9pouse, qui, sur mon chemin de vie, m\u2019interroge, exp\u00e9rimente, \u00e9volue et me rapproche, de plus en plus de la vie qui me ressemble..<\/p>\n<p dir=\"ltr\">Mais cela n\u2019a pas toujours \u00e9t\u00e9 le cas. Bien que d&rsquo;apparence heureuse, j\u2019ai connu la s\u00e9paration, le sentiment de solitude, le licenciement, le ch\u00f4mage, le deuil, la maladie d\u2019un proche..<\/p>\n<p dir=\"ltr\">Alors que ma vie personnelle et professionnelle semblait trac\u00e9e et confortable, j\u2019ai\u00a0renonc\u00e9 \u00e0 plusieurs reprises \u00e0 cette apparente s\u00e9curit\u00e9, pour me rapprocher petit \u00e0 petit de l&rsquo;essentiel pour moi.<\/p>\n<p dir=\"ltr\">Bien-s\u00fbr j\u2019ai dout\u00e9, h\u00e9sit\u00e9, dout\u00e9 encore\u2026.et avanc\u00e9.<\/p>\n<p dir=\"ltr\">J\u2019ai choisi en 2010 d\u2019aller vers ce qui m\u2019animait vraiment: l\u2019accompagnement des autres.\u00a0Et j\u2019ai choisi en 2013, de quitter\u00a0la r\u00e9gion parisienne et de\u00a0m&rsquo;installer en Gironde.<\/p>\n<p dir=\"ltr\">C\u2019est riche de toutes ces exp\u00e9riences que j\u2019accompagne aujourd&rsquo;hui les femmes, les enfants et certains hommes sur leur chemin d\u2019\u00e9volution.<\/p>\n<p dir=\"ltr\">Je recois en s\u00e9ance individuelle, propose des ateliers collectifs et anime des groupe de paroles de femmes sur Bordeaux et Paris.<\/p>\n<p dir=\"ltr\">Pour incarner les valeurs de bienveillance et de solidarit\u00e9 auxquelles je crois, en plus de mon activit\u00e9 au cabinet, je suis b\u00e9n\u00e9vole \u00e0 la ligue contre la cancer et accompagne les personnes en cours de traitement.<\/p>\n<h1 dir=\"ltr\"><span style=\"color: #c6168d;\">Mes formations<\/span><\/h1>\n<ul>\n<li>Psychoth\u00e9rapie Psychanalytique \u00e0 l&rsquo; E.E.P.A.\u00a0Paris, Ecole Europ\u00e9enne des Philosophies et Psychoth\u00e9rapie Appliqu\u00e9es (membre\u00a0de la<a href=\"http:\/\/www.ff2p.fr\/\" target=\"_blank\">F\u00e9d\u00e9ration Fran\u00e7aise de Psychoth\u00e9rapie et Psychanalyse)<\/a>&nbsp;\n<p>&nbsp;<\/li>\n<\/ul>\n<ul>\n<li>Psychoth\u00e9rapie pour enfants et adolescents (et parents), aux cot\u00e9s de Marie Fran\u00e7oise Neveu (psychoth\u00e9rapeute et auteur \u00ab Des enfants actuels\u00bb)&nbsp;<\/li>\n<\/ul>\n<ul>\n<li>Sophrologie \u00e0 l\u2019Institut Cassiop\u00e9e (membre de la Soci\u00e9t\u00e9 Fran\u00e7aise de Sophrologie)&nbsp;<\/li>\n<\/ul>\n<ul>\n<li>Sophro-analyse \u00e0 l\u2019Institut Cassiop\u00e9e&nbsp;<\/li>\n<\/ul>\n<ul>\n<li>Sophrologie pour la Maternit\u00e9 \u00e0 l\u2019institut Cassiop\u00e9e&nbsp;<\/li>\n<\/ul>\n<ul>\n<li>Sophrologie pour les enfants et adolescents \u00e0 l\u2019Institut Cassiop\u00e9e&nbsp;<\/li>\n<\/ul>\n<ul>\n<li>E.F.T.(techniques de lib\u00e9ration \u00e9motionnelle) \u00e0 l\u2019IFPEC, \u00a0<a href=\"http:\/\/www.ifpec.org\/\" target=\"_blank\">Institut Fran\u00e7aise de Psychologie Energ\u00e9tique et Clinique<\/a><\/li>\n<\/ul>\n<ul>\n<li>Reiki Usui<\/li>\n<\/ul>\n<p>&nbsp;<\/p>\n<p><a href=\"https:\/\/i0.wp.com\/caroleamores.com\/wp-content\/uploads\/2015\/11\/quisuisje2blanc-e14464743697882.jpg?ssl=1\"><img loading=\"lazy\" decoding=\"async\" data-attachment-id=\"452\" data-permalink=\"https:\/\/caroleamores.com\/index.php\/qui-suis-je\/quisuisje2blanc-e1446474369788-2\/\" data-orig-file=\"https:\/\/i0.wp.com\/caroleamores.com\/wp-content\/uploads\/2015\/11\/quisuisje2blanc-e14464743697882.jpg?fit=414%2C419&amp;ssl=1\" data-orig-size=\"414,419\" data-comments-opened=\"1\" data-image-meta=\"{&quot;aperture&quot;:&quot;0&quot;,&quot;credit&quot;:&quot;&quot;,&quot;camera&quot;:&quot;&quot;,&quot;caption&quot;:&quot;&quot;,&quot;created_timestamp&quot;:&quot;0&quot;,&quot;copyright&quot;:&quot;&quot;,&quot;focal_length&quot;:&quot;0&quot;,&quot;iso&quot;:&quot;0&quot;,&quot;shutter_speed&quot;:&quot;0&quot;,&quot;title&quot;:&quot;&quot;,&quot;orientation&quot;:&quot;0&quot;}\" data-image-title=\"quisuisje2blanc-e1446474369788\" data-image-description=\"\" data-image-caption=\"\" data-medium-file=\"https:\/\/i0.wp.com\/caroleamores.com\/wp-content\/uploads\/2015\/11\/quisuisje2blanc-e14464743697882.jpg?fit=296%2C300&amp;ssl=1\" data-large-file=\"https:\/\/i0.wp.com\/caroleamores.com\/wp-content\/uploads\/2015\/11\/quisuisje2blanc-e14464743697882.jpg?fit=414%2C419&amp;ssl=1\" class=\"size-full wp-image-452 aligncenter\" src=\"https:\/\/i0.wp.com\/caroleamores.com\/wp-content\/uploads\/2015\/11\/quisuisje2blanc-e14464743697882.jpg?resize=414%2C419&#038;ssl=1\" sizes=\"(max-width: 414px) 100vw, 414px\" srcset=\"http:\/\/i1.wp.com\/caroleamores.com\/wp-content\/uploads\/2015\/11\/quisuisje2blanc-e14464743697882.jpg?w=414 414w, http:\/\/i1.wp.com\/caroleamores.com\/wp-content\/uploads\/2015\/11\/quisuisje2blanc-e14464743697882.jpg?resize=296%2C300 296w\" alt=\"quisuisje2blanc-e1446474369788\" width=\"414\" height=\"419\" data-recalc-dims=\"1\" \/><\/a><\/p>\n<p style=\"text-align: center;\">\n<p style=\"text-align: center;\"><a href=\"https:\/\/i0.wp.com\/caroleamores.com\/wp-content\/uploads\/2015\/11\/quisuisje1blanc-e1446474809667-300x3002.jpg?ssl=1\"><img loading=\"lazy\" decoding=\"async\" data-attachment-id=\"435\" data-permalink=\"https:\/\/caroleamores.com\/index.php\/qui-suis-je\/quisuisje1blanc-e1446474809667-300x300-2\/\" data-orig-file=\"https:\/\/i0.wp.com\/caroleamores.com\/wp-content\/uploads\/2015\/11\/quisuisje1blanc-e1446474809667-300x3002.jpg?fit=300%2C300&amp;ssl=1\" data-orig-size=\"300,300\" data-comments-opened=\"1\" data-image-meta=\"{&quot;aperture&quot;:&quot;0&quot;,&quot;credit&quot;:&quot;&quot;,&quot;camera&quot;:&quot;&quot;,&quot;caption&quot;:&quot;&quot;,&quot;created_timestamp&quot;:&quot;0&quot;,&quot;copyright&quot;:&quot;&quot;,&quot;focal_length&quot;:&quot;0&quot;,&quot;iso&quot;:&quot;0&quot;,&quot;shutter_speed&quot;:&quot;0&quot;,&quot;title&quot;:&quot;&quot;,&quot;orientation&quot;:&quot;0&quot;}\" data-image-title=\"quisuisje1blanc-e1446474809667-300&amp;#215;300\" data-image-description=\"\" data-image-caption=\"\" data-medium-file=\"https:\/\/i0.wp.com\/caroleamores.com\/wp-content\/uploads\/2015\/11\/quisuisje1blanc-e1446474809667-300x3002.jpg?fit=300%2C300&amp;ssl=1\" data-large-file=\"https:\/\/i0.wp.com\/caroleamores.com\/wp-content\/uploads\/2015\/11\/quisuisje1blanc-e1446474809667-300x3002.jpg?fit=300%2C300&amp;ssl=1\" class=\"alignnone wp-image-435 size-full\" src=\"https:\/\/i0.wp.com\/caroleamores.com\/wp-content\/uploads\/2015\/11\/quisuisje1blanc-e1446474809667-300x3002.jpg?resize=300%2C300&#038;ssl=1\" sizes=\"(max-width: 300px) 100vw, 300px\" srcset=\"http:\/\/i0.wp.com\/caroleamores.com\/wp-content\/uploads\/2015\/11\/quisuisje1blanc-e1446474809667-300x3002.jpg?resize=300%2C3002 300w, http:\/\/i0.wp.com\/caroleamores.com\/wp-content\/uploads\/2015\/11\/quisuisje1blanc-e1446474809667-300x3002.jpg?resize=150%2C150 150w\" alt=\"quisuisje1blanc-e1446474809667-300x300\" width=\"300\" height=\"300\" data-recalc-dims=\"1\" \/><\/a><\/p>\n<h1><span style=\"color: #c6168d;\">Ma d\u00e9ontologie<\/span><\/h1>\n<p dir=\"ltr\">J\u2019exp\u00e9rimente et pratique tout ce que je transmets.\u00a0Je m\u2019enrichis\u00a0r\u00e9guli\u00e8rement de nouveaux outils th\u00e9rapeutiques au cours de formations, et dans un soucis d \u00e9volution constante je\u00a0me fais superviser.<\/p>\n<p dir=\"ltr\">Je m\u2019engage avec chacune des personnes que j\u2019accompagne \u00e0 :<\/p>\n<ul>\n<li>la confidentialit\u00e9,<\/li>\n<li>le respect de la personne, de ses opinions, de ses croyances religieuses ou autres,<\/li>\n<li>le respect du rythme de chacun,<\/li>\n<li>l\u2019authenticit\u00e9,<\/li>\n<li>le non-jugement,<\/li>\n<li>la bienveillance.<\/li>\n<\/ul>\n","protected":false},"excerpt":{"rendered":"","protected":false},"author":1,"featured_media":0,"parent":0,"menu_order":0,"comment_status":"closed","ping_status":"closed","template":"","meta":{"_et_pb_use_builder":"","_et_pb_old_content":"","_et_gb_content_width":"","jetpack_post_was_ever_published":false,"footnotes":""},"class_list":["post-983","page","type-page","status-publish","hentry"],"jetpack_sharing_enabled":true,"jetpack_shortlink":"https:\/\/wp.me\/P7064H-fR","jetpack-related-posts":[{"id":35922,"url":"https:\/\/caroleamores.com\/index.php\/qui-est-carole-amores\/","url_meta":{"origin":983,"position":0},"title":"Qui est Carole Amores","date":"29 novembre 2018","format":false,"excerpt":"[et_pb_text content_tablet=\"Qui suis-je ? Je suis une femme, th\u00e9rapeute, maman, \u00e9pouse, qui, sur mon chemin de vie, s\u2019interroge, exp\u00e9rimente, et \u00e9volue. J\u2019ai choisi en 2010 d\u2019aller vers ce qui m\u2019animait vraiment: l\u2019accompagnement des autres. Et\u2026","rel":"","context":"Article similaire","img":{"alt_text":"","src":"","width":0,"height":0},"classes":[]},{"id":6,"url":"https:\/\/caroleamores.com\/index.php\/bienvenue\/","url_meta":{"origin":983,"position":1},"title":"1 2 Si vous avez\u2026","date":"30 novembre 2015","format":false,"excerpt":"1 2 Si vous avez d\u00e9cid\u00e9 d'avancer malgr\u00e9 les \u00e9preuves de la vie, de prendre soin de vous et de cr\u00e9er la vie qui vous ressemble. Si vous \u00eates une femme, que vous souhaitez retrouver s\u00e9r\u00e9nit\u00e9, confiance et joie de vivre. C'est avec plaisir que je vous accompagnerais. Qui sont\u2026","rel":"","context":"Article similaire","img":{"alt_text":"","src":"https:\/\/i0.wp.com\/caroleamores.com\/wp-content\/uploads\/2015\/11\/bandeau-site-V2-2.png?resize=350%2C200","width":350,"height":200},"classes":[]},{"id":36402,"url":"https:\/\/caroleamores.com\/index.php\/temoignages\/","url_meta":{"origin":983,"position":2},"title":"T\u00e9moignages","date":"6 janvier 2019","format":false,"excerpt":"","rel":"","context":"Article similaire","img":{"alt_text":"","src":"https:\/\/i0.wp.com\/caroleamores.com\/wp-content\/uploads\/2017\/07\/group-terrace.jpg?fit=1200%2C675&ssl=1&resize=350%2C200","width":350,"height":200},"classes":[]},{"id":35404,"url":"https:\/\/caroleamores.com\/index.php\/seances-individuelles\/","url_meta":{"origin":983,"position":3},"title":"S\u00e9ances individuelles","date":"26 ao\u00fbt 2018","format":false,"excerpt":"","rel":"","context":"Article similaire","img":{"alt_text":"","src":"","width":0,"height":0},"classes":[]},{"id":972,"url":"https:\/\/caroleamores.com\/index.php\/mes-techniques\/","url_meta":{"origin":983,"position":4},"title":"Mes pratiques","date":"30 novembre 2015","format":false,"excerpt":"[wpanchor id=\"La psychoth\u00e9rapie\"]La psychoth\u00e9rapie L\u2019accompagnement \u00e0 vis\u00e9e th\u00e9rapeutique (ou psychoth\u00e9rapie) est un processus d\u2019accompagnement de la personne\u00a0dans la r\u00e9solution de ses difficult\u00e9s et de ses souffrances \u00e0 travers la\u00a0connaissance d\u2019elle-m\u00eame. Mon approche est\u00a0holistique et int\u00e9grative, c\u2019est \u00e0 dire que je m\u2019int\u00e9resse\u00a0aux\u00a0diff\u00e9rentes dimensions de la personne: psychologique-\u00e9motionnelle-physique-spirituelle. Elle\u00a0est \u00e9galement humaniste\u00a0c\u2019est \u00e0\u2026","rel":"","context":"Article similaire","img":{"alt_text":"CIEL-CARRE-CLAIR","src":"https:\/\/i0.wp.com\/caroleamores.com\/wp-content\/uploads\/2015\/11\/CIEL-CARRE-CLAIR2.jpg?resize=350%2C200","width":350,"height":200},"classes":[]},{"id":2,"url":"https:\/\/caroleamores.com\/index.php\/page-d-exemple\/","url_meta":{"origin":983,"position":5},"title":"Page d&rsquo;exemple","date":"30 novembre 2015","format":false,"excerpt":"Voici un exemple de page. Elle est diff\u00e9rente d'un article de blog, en cela qu'elle restera \u00e0 la m\u00eame place, et s'affichera dans le menu de navigation de votre site (en fonction de votre th\u00e8me). La plupart des gens commencent par \u00e9crire une page \u00ab \u00c0 Propos \u00bb qui les\u2026","rel":"","context":"Article similaire","img":{"alt_text":"","src":"","width":0,"height":0},"classes":[]}],"_links":{"self":[{"href":"https:\/\/caroleamores.com\/index.php\/wp-json\/wp\/v2\/pages\/983","targetHints":{"allow":["GET"]}}],"collection":[{"href":"https:\/\/caroleamores.com\/index.php\/wp-json\/wp\/v2\/pages"}],"about":[{"href":"https:\/\/caroleamores.com\/index.php\/wp-json\/wp\/v2\/types\/page"}],"author":[{"embeddable":true,"href":"https:\/\/caroleamores.com\/index.php\/wp-json\/wp\/v2\/users\/1"}],"replies":[{"embeddable":true,"href":"https:\/\/caroleamores.com\/index.php\/wp-json\/wp\/v2\/comments?post=983"}],"version-history":[{"count":20,"href":"https:\/\/caroleamores.com\/index.php\/wp-json\/wp\/v2\/pages\/983\/revisions"}],"predecessor-version":[{"id":1253,"href":"https:\/\/caroleamores.com\/index.php\/wp-json\/wp\/v2\/pages\/983\/revisions\/1253"}],"wp:attachment":[{"href":"https:\/\/caroleamores.com\/index.php\/wp-json\/wp\/v2\/media?parent=983"}],"curies":[{"name":"wp","href":"https:\/\/api.w.org\/{rel}","templated":true}]}}