{"id":972,"date":"2015-11-30T20:36:47","date_gmt":"2015-11-30T19:36:47","guid":{"rendered":"http:\/\/caroleamores.com\/?page_id=972"},"modified":"2017-05-22T18:23:00","modified_gmt":"2017-05-22T17:23:00","slug":"mes-techniques","status":"publish","type":"page","link":"https:\/\/caroleamores.com\/index.php\/mes-techniques\/","title":{"rendered":"Mes pratiques"},"content":{"rendered":"<div id=\"pl-972\"  class=\"panel-layout\" >\n<div id=\"pg-972-0\"  class=\"panel-grid panel-has-style\"  data-style=\"{&quot;background_display&quot;:&quot;tile&quot;,&quot;border_color&quot;:&quot;#e5e5e5&quot;}\" >\n<div class=\"panel-row-style panel-row-style-for-972-0\" >\n<div id=\"pgc-972-0-0\"  class=\"panel-grid-cell\"  data-weight=\"0.5\" >\n<div id=\"panel-972-0-0-0\" class=\"so-panel widget widget_sow-editor panel-first-child panel-last-child\" data-index=\"0\" data-style=\"{&quot;background_display&quot;:&quot;center&quot;}\" >\n<div class=\"so-widget-sow-editor so-widget-sow-editor-base\">\n<div class=\"siteorigin-widget-tinymce textwidget\">\n<p style=\"text-align: center;\"><a href=\"https:\/\/i0.wp.com\/caroleamores.com\/wp-content\/uploads\/2015\/11\/CIEL-CARRE-CLAIR2.jpg?ssl=1\"><img loading=\"lazy\" decoding=\"async\" data-attachment-id=\"309\" data-permalink=\"https:\/\/caroleamores.com\/index.php\/mes-techniques\/ciel-carre-clair-2\/\" data-orig-file=\"https:\/\/i0.wp.com\/caroleamores.com\/wp-content\/uploads\/2015\/11\/CIEL-CARRE-CLAIR2.jpg?fit=410%2C407&amp;ssl=1\" data-orig-size=\"410,407\" data-comments-opened=\"1\" data-image-meta=\"{&quot;aperture&quot;:&quot;0&quot;,&quot;credit&quot;:&quot;&quot;,&quot;camera&quot;:&quot;&quot;,&quot;caption&quot;:&quot;&quot;,&quot;created_timestamp&quot;:&quot;0&quot;,&quot;copyright&quot;:&quot;&quot;,&quot;focal_length&quot;:&quot;0&quot;,&quot;iso&quot;:&quot;0&quot;,&quot;shutter_speed&quot;:&quot;0&quot;,&quot;title&quot;:&quot;&quot;,&quot;orientation&quot;:&quot;0&quot;}\" data-image-title=\"CIEL-CARRE-CLAIR\" data-image-description=\"\" data-image-caption=\"\" data-medium-file=\"https:\/\/i0.wp.com\/caroleamores.com\/wp-content\/uploads\/2015\/11\/CIEL-CARRE-CLAIR2.jpg?fit=300%2C298&amp;ssl=1\" data-large-file=\"https:\/\/i0.wp.com\/caroleamores.com\/wp-content\/uploads\/2015\/11\/CIEL-CARRE-CLAIR2.jpg?fit=410%2C407&amp;ssl=1\" class=\"aligncenter wp-image-309 size-full\" src=\"https:\/\/i0.wp.com\/caroleamores.com\/wp-content\/uploads\/2015\/11\/CIEL-CARRE-CLAIR2.jpg?resize=410%2C407&#038;ssl=1\" alt=\"CIEL-CARRE-CLAIR\" width=\"410\" height=\"407\" srcset=\"https:\/\/i0.wp.com\/caroleamores.com\/wp-content\/uploads\/2015\/11\/CIEL-CARRE-CLAIR2.jpg?w=410 410w, https:\/\/i0.wp.com\/caroleamores.com\/wp-content\/uploads\/2015\/11\/CIEL-CARRE-CLAIR2.jpg?resize=150%2C150 150w, https:\/\/i0.wp.com\/caroleamores.com\/wp-content\/uploads\/2015\/11\/CIEL-CARRE-CLAIR2.jpg?resize=300%2C298 300w\" sizes=\"(max-width: 410px) 100vw, 410px\" data-recalc-dims=\"1\" \/><\/a><\/p>\n<\/div>\n<\/div>\n<\/div>\n<\/div>\n<div id=\"pgc-972-0-1\"  class=\"panel-grid-cell\"  data-weight=\"0.5\" >\n<div id=\"panel-972-0-1-0\" class=\"so-panel widget widget_sow-editor panel-first-child panel-last-child\" data-index=\"1\" data-style=\"{&quot;background_display&quot;:&quot;center&quot;}\" >\n<div class=\"so-widget-sow-editor so-widget-sow-editor-base\">\n<div class=\"siteorigin-widget-tinymce textwidget\">\n<h1>[wpanchor id=\u00a0\u00bbLa psychoth\u00e9rapie\u00a0\u00bb]La psychoth\u00e9rapie<\/h1>\n<p>L\u2019accompagnement \u00e0 vis\u00e9e th\u00e9rapeutique (ou psychoth\u00e9rapie) est un processus d\u2019accompagnement de la personne\u00a0dans la r\u00e9solution de ses difficult\u00e9s et de ses souffrances \u00e0 travers la\u00a0connaissance d\u2019elle-m\u00eame.<\/p>\n<p>Mon approche est\u00a0holistique et int\u00e9grative, c\u2019est \u00e0 dire que je m\u2019int\u00e9resse\u00a0aux\u00a0diff\u00e9rentes dimensions de la personne: psychologique-\u00e9motionnelle-physique-spirituelle. Elle\u00a0est \u00e9galement humaniste\u00a0c\u2019est \u00e0 dire\u00a0que j\u2019encourage chacun \u00e0 d\u00e9velopper sa\u00a0capacit\u00e9 \u00e0 faire des choix personnels et conscients.<\/p>\n<p dir=\"ltr\">Je me suis form\u00e9e \u00e0 la psychoth\u00e9rapie, et plus particuli\u00e8rement \u00e0 la Psychoth\u00e9rapie Psychanalytique de Carl Gustav Jung,<\/p>\n<\/div>\n<\/div>\n<\/div>\n<\/div>\n<\/div>\n<\/div>\n<div id=\"pg-972-1\"  class=\"panel-grid panel-has-style\"  data-style=\"{&quot;background_display&quot;:&quot;tile&quot;,&quot;border_color&quot;:&quot;#e5e5e5&quot;}\" >\n<div class=\"panel-row-style panel-row-style-for-972-1\" >\n<div id=\"pgc-972-1-0\"  class=\"panel-grid-cell\"  data-weight=\"0.5\" >\n<div id=\"panel-972-1-0-0\" class=\"so-panel widget widget_sow-editor panel-first-child panel-last-child\" data-index=\"2\" data-style=\"{&quot;background_display&quot;:&quot;center&quot;}\" >\n<div class=\"so-widget-sow-editor so-widget-sow-editor-base\">\n<div class=\"siteorigin-widget-tinymce textwidget\">\n<h1>[wpanchor id=\u00a0\u00bbLa sophrologie\u00a0\u00bb]La sophrologie\u00a0<\/h1>\n<p>Cr\u00e9er en 1960 par le neuropsychiatre Alfonso Caycedo, cette m\u00e9thode psychocorporelle favorise le lien et l\u2019harmonie du corps et de l\u2019esprit. Elle est bas\u00e9e sur la respiration, la d\u00e9tente musculaire et la visualisation, et permet de retrouver un meilleur \u00e9quilibre physique et psychologique.<\/p>\n<p>La sophrologie est une m\u00e9thode \u00e0 la fois th\u00e9rapeutique et pr\u00e9ventive.<br \/>\nElle convient aux femmes, hommes, adultes, enfants, adolescents, femme enceinte, s\u00e9niors \u2026en bonne sant\u00e9 ou fragilis\u00e9s par une maladie, la sophrologie aide chacun \u00e0 trouver ses propres ressources en les guidant vers plus de s\u00e9r\u00e9nit\u00e9, d\u2019harmonie, et de joie.<\/p>\n<p><span style=\"color: #c6168d;\">A quoi sert la sophrologie ?<\/span><\/p>\n<ul>\n<li>La sophrologie intervient dans la gestion du stress et des \u00e9motions, la gestion de la douleur, les troubles du sommeil, les maladies psychosomatiques.<\/li>\n<li>Elle aide \u00e0 vaincre les peurs, les phobies, les angoisses, \u00e0 lutter contre le d\u00e9couragement, l\u2019anxi\u00e9t\u00e9, la d\u00e9pression, \u00e0 retrouver et favoriser la confiance en soi.<\/li>\n<li>Elle permet de conna\u00eetre son corps et ses capacit\u00e9s, de se d\u00e9tendre en toute situation, de se concentrer, \u00a0de m\u00e9moriser, de retrouver de l\u2019\u00e9nergie, d\u2019augmenter ses performance.<\/li>\n<li>Elle aide \u00e0 renforcer le positif en soi, \u00e0 d\u00e9couvrir son potentiel et ses ressources, \u00e0 cr\u00e9er, se d\u00e9passer.<\/li>\n<li>A d\u00e9velopper une meilleure qualit\u00e9 de vie, prendre du recul, mieux s\u2019adapter aux situations du quotidien et ainsi vivre plus en harmonie avec soi et avec les autres.<\/li>\n<li>Elle pr\u00e9pare aux moments de vie: accouchement\/naissance,\u00a0pr\u00e9paration aux examens, entretien d\u2019embauche, comp\u00e9tition sportive, intervention chirurgicale\u2026tout comme aux grandes \u00e9tapes telles que divorce, d\u00e9m\u00e9nagement, licenciement, maladie, deuils.<\/li>\n<li>Elle aide \u00e0 lutter contre\u00a0les d\u00e9pendances (tabac\u2026) et intervient en compl\u00e9ment de traitement th\u00e9rapeutique pour le cancer ou autres maladies.<\/li>\n<\/ul>\n<h1>La sophro-analyse<\/h1>\n<p>C\u2019est g\u00e9n\u00e9ralement apr\u00e8s un premier travail sur soi que l\u2019on choisit la sophro-analyse.\u00a0La Sophro-analyse des m\u00e9moires pr\u00e9natales, de la naissance et de l\u2019enfance est une m\u00e9thode mise au point par le Docteur Claude Imbert.<\/p>\n<p>Les \u00e9v\u00e8nements mal v\u00e9cus, cr\u00e9ent en nous, d\u00e8s la vie intra-ut\u00e9rine, des empreintes profondes qui nous limitent et emp\u00eachent l\u2019acc\u00e8s \u00e0 nos ressources int\u00e9rieures. De ces empreintes naissent des croyances limitantes (je n ai pas de valeur, je n\u2019ai pas ma place, je ne suis pas aimable\u2026) dont d\u00e9coulent des strat\u00e9gies ( je dois rester sous contr\u00f4le, je ne cr\u00e9e pas de lien, je dois \u00eatre parfait(e), je me sabote\u2026), et des comportements (je n exprime pas mes \u00e9motions, mes besoins, je me mets tr\u00e8s souvent en col\u00e8re, je travaille trop..)<br \/>\nC\u2019est ainsi que se mettent en place, de fa\u00e7on inconsciente, nos futurs sc\u00e9narios et comportements limitants d\u2019adulte.<\/p>\n<p>La sophro-analyse permet de comprendre et surtout de se lib\u00e9rer des empreintes de la vie intra-uterine, (non d\u00e9sir, g\u00e9mellit\u00e9, pr\u00e9f\u00e9rence de sexe.. ), des empreintes de la naissance (pr\u00e9maturit\u00e9, c\u00e9sarienne, d\u00e9clenchement, forceps\u2026) et des empreintes de l enfance (jalousie, deuil, violence\u2026).<\/p>\n<\/div>\n<\/div>\n<\/div>\n<\/div>\n<div id=\"pgc-972-1-1\"  class=\"panel-grid-cell\"  data-weight=\"0.5\" >\n<div id=\"panel-972-1-1-0\" class=\"so-panel widget widget_sow-editor panel-first-child panel-last-child\" data-index=\"3\" data-style=\"{&quot;background_display&quot;:&quot;center&quot;}\" >\n<div class=\"so-widget-sow-editor so-widget-sow-editor-base\">\n<div class=\"siteorigin-widget-tinymce textwidget\">\n<p style=\"text-align: center;\"><a href=\"https:\/\/caroleamores.com\/wp-content\/uploads\/2015\/11\/ruban-vertical2.jpg\">[spacer height=\u00a0\u00bb100px\u00a0\u00bb]<\/a><a href=\"https:\/\/i0.wp.com\/caroleamores.com\/wp-content\/uploads\/2015\/11\/ruban-vertical2.jpg?ssl=1\"><img loading=\"lazy\" decoding=\"async\" data-attachment-id=\"473\" data-permalink=\"https:\/\/caroleamores.com\/index.php\/mes-techniques\/ruban-vertical-2\/\" data-orig-file=\"https:\/\/i0.wp.com\/caroleamores.com\/wp-content\/uploads\/2015\/11\/ruban-vertical2.jpg?fit=396%2C708&amp;ssl=1\" data-orig-size=\"396,708\" data-comments-opened=\"1\" data-image-meta=\"{&quot;aperture&quot;:&quot;0&quot;,&quot;credit&quot;:&quot;&quot;,&quot;camera&quot;:&quot;&quot;,&quot;caption&quot;:&quot;&quot;,&quot;created_timestamp&quot;:&quot;0&quot;,&quot;copyright&quot;:&quot;&quot;,&quot;focal_length&quot;:&quot;0&quot;,&quot;iso&quot;:&quot;0&quot;,&quot;shutter_speed&quot;:&quot;0&quot;,&quot;title&quot;:&quot;&quot;,&quot;orientation&quot;:&quot;0&quot;}\" data-image-title=\"ruban-vertical\" data-image-description=\"\" data-image-caption=\"\" data-medium-file=\"https:\/\/i0.wp.com\/caroleamores.com\/wp-content\/uploads\/2015\/11\/ruban-vertical2.jpg?fit=168%2C300&amp;ssl=1\" data-large-file=\"https:\/\/i0.wp.com\/caroleamores.com\/wp-content\/uploads\/2015\/11\/ruban-vertical2.jpg?fit=396%2C708&amp;ssl=1\" class=\"aligncenter wp-image-473 size-full\" src=\"https:\/\/i0.wp.com\/caroleamores.com\/wp-content\/uploads\/2015\/11\/ruban-vertical2.jpg?resize=396%2C708&#038;ssl=1\" alt=\"ruban-vertical\" width=\"396\" height=\"708\" srcset=\"https:\/\/i0.wp.com\/caroleamores.com\/wp-content\/uploads\/2015\/11\/ruban-vertical2.jpg?w=396 396w, https:\/\/i0.wp.com\/caroleamores.com\/wp-content\/uploads\/2015\/11\/ruban-vertical2.jpg?resize=168%2C300 168w\" sizes=\"(max-width: 396px) 100vw, 396px\" data-recalc-dims=\"1\" \/><\/a><\/p>\n<\/div>\n<\/div>\n<\/div>\n<\/div>\n<\/div>\n<\/div>\n<div id=\"pg-972-2\"  class=\"panel-grid panel-has-style\"  data-style=\"{&quot;background_display&quot;:&quot;tile&quot;,&quot;border_color&quot;:&quot;#e5e5e5&quot;}\" >\n<div class=\"panel-row-style panel-row-style-for-972-2\" >\n<div id=\"pgc-972-2-0\"  class=\"panel-grid-cell\"  data-weight=\"0.5\" >\n<div id=\"panel-972-2-0-0\" class=\"so-panel widget widget_sow-editor panel-first-child panel-last-child\" data-index=\"4\" data-style=\"{&quot;background_display&quot;:&quot;center&quot;}\" >\n<div class=\"so-widget-sow-editor so-widget-sow-editor-base\">\n<div class=\"siteorigin-widget-tinymce textwidget\">\n<p style=\"text-align: center;\"><a href=\"https:\/\/caroleamores.com\/wp-content\/uploads\/2015\/11\/tete-carre-2.jpg\">[spacer height=\u00a0\u00bb200px\u00a0\u00bb]<img loading=\"lazy\" decoding=\"async\" data-attachment-id=\"555\" data-permalink=\"https:\/\/caroleamores.com\/index.php\/mes-techniques\/tete-carre-2\/\" data-orig-file=\"https:\/\/i0.wp.com\/caroleamores.com\/wp-content\/uploads\/2015\/11\/tete-carre-2.jpg?fit=521%2C521&amp;ssl=1\" data-orig-size=\"521,521\" data-comments-opened=\"1\" data-image-meta=\"{&quot;aperture&quot;:&quot;0&quot;,&quot;credit&quot;:&quot;&quot;,&quot;camera&quot;:&quot;&quot;,&quot;caption&quot;:&quot;&quot;,&quot;created_timestamp&quot;:&quot;0&quot;,&quot;copyright&quot;:&quot;&quot;,&quot;focal_length&quot;:&quot;0&quot;,&quot;iso&quot;:&quot;0&quot;,&quot;shutter_speed&quot;:&quot;0&quot;,&quot;title&quot;:&quot;&quot;,&quot;orientation&quot;:&quot;0&quot;}\" data-image-title=\"tete-carre-\" data-image-description=\"\" data-image-caption=\"\" data-medium-file=\"https:\/\/i0.wp.com\/caroleamores.com\/wp-content\/uploads\/2015\/11\/tete-carre-2.jpg?fit=300%2C300&amp;ssl=1\" data-large-file=\"https:\/\/i0.wp.com\/caroleamores.com\/wp-content\/uploads\/2015\/11\/tete-carre-2.jpg?fit=521%2C521&amp;ssl=1\" class=\"alignnone  wp-image-555\" src=\"https:\/\/i0.wp.com\/caroleamores.com\/wp-content\/uploads\/2015\/11\/tete-carre-2.jpg?resize=386%2C386&#038;ssl=1\" alt=\"tete-carre-\" width=\"386\" height=\"386\" srcset=\"https:\/\/i0.wp.com\/caroleamores.com\/wp-content\/uploads\/2015\/11\/tete-carre-2.jpg?resize=300%2C300 300w, https:\/\/i0.wp.com\/caroleamores.com\/wp-content\/uploads\/2015\/11\/tete-carre-2.jpg?resize=150%2C150 150w, https:\/\/i0.wp.com\/caroleamores.com\/wp-content\/uploads\/2015\/11\/tete-carre-2.jpg?w=521 521w\" sizes=\"(max-width: 386px) 100vw, 386px\" data-recalc-dims=\"1\" \/><\/a><\/p>\n<\/div>\n<\/div>\n<\/div>\n<\/div>\n<div id=\"pgc-972-2-1\"  class=\"panel-grid-cell\"  data-weight=\"0.5\" >\n<div id=\"panel-972-2-1-0\" class=\"so-panel widget widget_sow-editor panel-first-child panel-last-child\" data-index=\"5\" data-style=\"{&quot;background_display&quot;:&quot;center&quot;}\" >\n<div class=\"so-widget-sow-editor so-widget-sow-editor-base\">\n<div class=\"siteorigin-widget-tinymce textwidget\">\n<h1>[wpanchor id=\u00a0\u00bbEFT\u00a0\u00bb]L\u2019 E.F.T. ou techniques de lib\u00e9ration \u00e9motionnelle<\/h1>\n<p>L\u2019E.F.T. (Emotionnal Freedom Techniques) \u00a0fait partie des th\u00e9rapies psycho-\u00e9nerg\u00e9tiques. Dans les ann\u00e9es 90, Gary Craig, aux Etats Unis, a synth\u00e9tis\u00e9 et simplifi\u00e9 cette technique afin de la rendre utilisable par tous, m\u00eame par les enfants.<br \/>\nSon postulat est que \u00ab La cause de toute \u00e9motion n\u00e9gative est une\u00a0perturbation du syst\u00e8me \u00e9nerg\u00e9tique corporel \u00bb<\/p>\n<p>L\u2019E.F.T. consiste en un r\u00e9\u00e9quilibrage des flux \u00e9nerg\u00e9tiques qui circulent le long des m\u00e9ridiens de notre corps.<br \/>\nCet \u00e9quilibre est n\u00e9cessaire pour maintenir un bon \u00e9tat physique et \u00e9motionnel de l\u2019organisme.<br \/>\nOn peut dire que c\u2019est une cousine de l\u2019acupuncture mais sans aiguille, qui lib\u00e8re les \u00e9motions n\u00e9gatives.<br \/>\nC\u2019est une m\u00e9thode simple, rapide, efficace et facile \u00e0 apprendre, qui produit un soulagement l\u00e0 o\u00f9 d\u2019autres th\u00e9rapies ont parfois \u00e9chou\u00e9.<\/p>\n<p>Dans quel cas l\u2019utiliser?<\/p>\n<p>L\u2019E.F.T. est particuli\u00e8rement adapt\u00e9e aux \u00e9motions n\u00e9gatives telles que les peurs, le stress, la col\u00e8re, la m\u00e9lancolie, la d\u00e9pression, le d\u00e9go\u00fbt, la culpabilit\u00e9, la honte, la faible estime de soi, l\u2019anxi\u00e9t\u00e9\u2026.<\/p>\n<p>Elle permet \u00e9galement d\u2019accompagner les probl\u00e8mes physiques comme les douleurs, les migraines, le surpoids, les d\u00e9pendances\u2026<\/p>\n<p>L\u2019E.F.T. permet de se sentir bien en r\u00e9duisant les \u00e9motions n\u00e9gatives (anxi\u00e9t\u00e9, peur, tristesse, rancune..) et am\u00e9liore les relations aux autres en \u00e9tant plus serein et plus d\u00e9tendu.<br \/>\nCette technique procure rapidement un apaisement et dans le m\u00eame esprit que la sophrologie, elle aide au d\u00e9veloppement de la confiance en soi, favorise une attitude positive au quotidien, et permet de mieux appr\u00e9cier la vie.<\/p>\n<p>Elle est aussi particuli\u00e8rement efficace et ludique avec les enfants, et les aide \u00e0 g\u00e9rer de nombreux maux du quotidien :peurs, col\u00e8res, moqueries, anxi\u00e9t\u00e9 de s\u00e9paration, jalousie\u2026<\/p>\n<\/div>\n<\/div>\n<\/div>\n<\/div>\n<\/div>\n<\/div>\n<div id=\"pg-972-3\"  class=\"panel-grid panel-has-style\"  data-style=\"{&quot;background_display&quot;:&quot;tile&quot;,&quot;border_color&quot;:&quot;#e5e5e5&quot;}\" >\n<div class=\"panel-row-style panel-row-style-for-972-3\" >\n<div id=\"pgc-972-3-0\"  class=\"panel-grid-cell\"  data-weight=\"0.5\" >\n<div id=\"panel-972-3-0-0\" class=\"so-panel widget widget_sow-editor panel-first-child panel-last-child\" data-index=\"6\" data-style=\"{&quot;background_display&quot;:&quot;center&quot;}\" >\n<div class=\"so-widget-sow-editor so-widget-sow-editor-base\">\n<div class=\"siteorigin-widget-tinymce textwidget\">\n<h1>D\u00e9roulement des s\u00e9ances<\/h1>\n<p><strong>La premi\u00e8re s\u00e9ance<\/strong> est particuli\u00e8re car c\u2019est celle o\u00f9 nous faisons connaissance.\u00a0C\u2019est un espace d\u2019\u00e9coute o\u00f9 vous pouvez vous exprimer librement, sans jugement et en toute confidentialit\u00e9.\u00a0A l\u2019issue de ce premier rendez-vous, en fonction de votre demande et de vos besoins, je vous proposerai un accompagnement personnalis\u00e9.\u00a0Cette premi\u00e8re s\u00e9ance dure g\u00e9n\u00e9ralement 1H30.<\/p>\n<p>La dur\u00e9e d\u2019une s\u00e9ance est d\u20191h15-30 afin d\u2019\u00e9voluer en toute s\u00e9r\u00e9nit\u00e9.<br \/>\nUn rythme r\u00e9gulier est conseill\u00e9, il peut \u00eatre hebdomadaire ou bi-mensuel (ou autre)\u2026 selon les possibilit\u00e9s de chacun.\u00a0<\/p>\n<\/div>\n<\/div>\n<\/div>\n<\/div>\n<div id=\"pgc-972-3-1\"  class=\"panel-grid-cell\"  data-weight=\"0.5\" >\n<div id=\"panel-972-3-1-0\" class=\"so-panel widget widget_sow-editor panel-first-child panel-last-child\" data-index=\"7\" data-style=\"{&quot;background_display&quot;:&quot;center&quot;}\" >\n<div class=\"so-widget-sow-editor so-widget-sow-editor-base\">\n<div class=\"siteorigin-widget-tinymce textwidget\">\n<p><a href=\"https:\/\/i0.wp.com\/caroleamores.com\/wp-content\/uploads\/2015\/11\/fauteuil-et-bambou-carre.jpg?ssl=1\"><img loading=\"lazy\" decoding=\"async\" data-attachment-id=\"705\" data-permalink=\"https:\/\/caroleamores.com\/index.php\/mes-techniques\/fauteuil-et-bambou-carre\/\" data-orig-file=\"https:\/\/i0.wp.com\/caroleamores.com\/wp-content\/uploads\/2015\/11\/fauteuil-et-bambou-carre.jpg?fit=443%2C405&amp;ssl=1\" data-orig-size=\"443,405\" data-comments-opened=\"1\" data-image-meta=\"{&quot;aperture&quot;:&quot;0&quot;,&quot;credit&quot;:&quot;&quot;,&quot;camera&quot;:&quot;&quot;,&quot;caption&quot;:&quot;&quot;,&quot;created_timestamp&quot;:&quot;0&quot;,&quot;copyright&quot;:&quot;&quot;,&quot;focal_length&quot;:&quot;0&quot;,&quot;iso&quot;:&quot;0&quot;,&quot;shutter_speed&quot;:&quot;0&quot;,&quot;title&quot;:&quot;&quot;,&quot;orientation&quot;:&quot;0&quot;}\" data-image-title=\"fauteuil-et-bambou-carre\" data-image-description=\"\" data-image-caption=\"\" data-medium-file=\"https:\/\/i0.wp.com\/caroleamores.com\/wp-content\/uploads\/2015\/11\/fauteuil-et-bambou-carre.jpg?fit=300%2C274&amp;ssl=1\" data-large-file=\"https:\/\/i0.wp.com\/caroleamores.com\/wp-content\/uploads\/2015\/11\/fauteuil-et-bambou-carre.jpg?fit=443%2C405&amp;ssl=1\" class=\"aligncenter wp-image-705 size-full\" src=\"https:\/\/i0.wp.com\/caroleamores.com\/wp-content\/uploads\/2015\/11\/fauteuil-et-bambou-carre.jpg?resize=443%2C405&#038;ssl=1\" alt=\"fauteuil-et-bambou-carre\" width=\"443\" height=\"405\" srcset=\"https:\/\/i2.wp.com\/caroleamores.com\/wp-content\/uploads\/2015\/11\/fauteuil-et-bambou-carre.jpg?w=443 443w, https:\/\/i2.wp.com\/caroleamores.com\/wp-content\/uploads\/2015\/11\/fauteuil-et-bambou-carre.jpg?resize=300%2C274 300w\" sizes=\"(max-width: 443px) 100vw, 443px\" data-recalc-dims=\"1\" \/><\/a><\/p>\n<\/div>\n<\/div>\n<\/div>\n<\/div>\n<\/div>\n<\/div>\n<\/div>\n","protected":false},"excerpt":{"rendered":"<p>[wpanchor id=\u00a0\u00bbLa psychoth\u00e9rapie\u00a0\u00bb]La psychoth\u00e9rapie L\u2019accompagnement \u00e0 vis\u00e9e th\u00e9rapeutique (ou psychoth\u00e9rapie) est un processus d\u2019accompagnement de la personne\u00a0dans la r\u00e9solution de ses difficult\u00e9s et de ses souffrances \u00e0 travers la\u00a0connaissance d\u2019elle-m\u00eame. Mon approche est\u00a0holistique et int\u00e9grative, c\u2019est \u00e0 dire que je m\u2019int\u00e9resse\u00a0aux\u00a0diff\u00e9rentes dimensions de la personne: psychologique-\u00e9motionnelle-physique-spirituelle. Elle\u00a0est \u00e9galement humaniste\u00a0c\u2019est \u00e0 dire\u00a0que j\u2019encourage chacun \u00e0 d\u00e9velopper [&hellip;]<\/p>\n","protected":false},"author":1,"featured_media":0,"parent":0,"menu_order":0,"comment_status":"closed","ping_status":"closed","template":"","meta":{"_et_pb_use_builder":"","_et_pb_old_content":"","_et_gb_content_width":"","jetpack_post_was_ever_published":false,"footnotes":""},"class_list":["post-972","page","type-page","status-publish","hentry"],"jetpack_sharing_enabled":true,"jetpack_shortlink":"https:\/\/wp.me\/P7064H-fG","jetpack-related-posts":[{"id":6,"url":"https:\/\/caroleamores.com\/index.php\/bienvenue\/","url_meta":{"origin":972,"position":0},"title":"1 2 Si vous avez\u2026","date":"30 novembre 2015","format":false,"excerpt":"1 2 Si vous avez d\u00e9cid\u00e9 d'avancer malgr\u00e9 les \u00e9preuves de la vie, de prendre soin de vous et de cr\u00e9er la vie qui vous ressemble. Si vous \u00eates une femme, que vous souhaitez retrouver s\u00e9r\u00e9nit\u00e9, confiance et joie de vivre. C'est avec plaisir que je vous accompagnerais. Qui sont\u2026","rel":"","context":"Article similaire","img":{"alt_text":"","src":"https:\/\/i0.wp.com\/caroleamores.com\/wp-content\/uploads\/2015\/11\/bandeau-site-V2-2.png?resize=350%2C200","width":350,"height":200},"classes":[]},{"id":1178,"url":"https:\/\/caroleamores.com\/index.php\/mon-moment-magique\/","url_meta":{"origin":972,"position":1},"title":"Mon moment magique","date":"2 d\u00e9cembre 2016","format":false,"excerpt":" 1 1 LE CONCEPT L\u2019ambition principale est de proposer aux enfants un ensemble de pratiques bien-\u00eatre pour avoir confiance en eux,\u00a0apprendre \u00e0 s\u2019occuper d\u2019eux,\u00a0\u00eatre bien dans leur t\u00eate, dans leur corps & dans leur coeur, mais aussi de leur donner des outils\u2026","rel":"","context":"Article similaire","img":{"alt_text":"","src":"https:\/\/i0.wp.com\/caroleamores.com\/wp-content\/uploads\/2016\/12\/logo-MMM.jpg?resize=350%2C200","width":350,"height":200},"classes":[]},{"id":36074,"url":"https:\/\/caroleamores.com\/index.php\/36074-2\/","url_meta":{"origin":972,"position":2},"title":"Ateliers et Stages","date":"30 d\u00e9cembre 2018","format":false,"excerpt":"[et_pb_section fb_built=\"1\"\u2026","rel":"","context":"Article similaire","img":{"alt_text":"","src":"https:\/\/i0.wp.com\/caroleamores.com\/wp-content\/uploads\/2018\/12\/groupe2.jpg?fit=1200%2C675&ssl=1&resize=350%2C200","width":350,"height":200},"classes":[]},{"id":35922,"url":"https:\/\/caroleamores.com\/index.php\/qui-est-carole-amores\/","url_meta":{"origin":972,"position":3},"title":"Qui est Carole Amores","date":"29 novembre 2018","format":false,"excerpt":"[et_pb_text content_tablet=\"Qui suis-je ? Je suis une femme, th\u00e9rapeute, maman, \u00e9pouse, qui, sur mon chemin de vie, s\u2019interroge, exp\u00e9rimente, et \u00e9volue. J\u2019ai choisi en 2010 d\u2019aller vers ce qui m\u2019animait vraiment: l\u2019accompagnement des autres. Et\u2026","rel":"","context":"Article similaire","img":{"alt_text":"","src":"","width":0,"height":0},"classes":[]},{"id":36402,"url":"https:\/\/caroleamores.com\/index.php\/temoignages\/","url_meta":{"origin":972,"position":4},"title":"T\u00e9moignages","date":"6 janvier 2019","format":false,"excerpt":"","rel":"","context":"Article similaire","img":{"alt_text":"","src":"https:\/\/i0.wp.com\/caroleamores.com\/wp-content\/uploads\/2017\/07\/group-terrace.jpg?fit=1200%2C675&ssl=1&resize=350%2C200","width":350,"height":200},"classes":[]},{"id":35404,"url":"https:\/\/caroleamores.com\/index.php\/seances-individuelles\/","url_meta":{"origin":972,"position":5},"title":"S\u00e9ances individuelles","date":"26 ao\u00fbt 2018","format":false,"excerpt":"","rel":"","context":"Article similaire","img":{"alt_text":"","src":"","width":0,"height":0},"classes":[]}],"_links":{"self":[{"href":"https:\/\/caroleamores.com\/index.php\/wp-json\/wp\/v2\/pages\/972","targetHints":{"allow":["GET"]}}],"collection":[{"href":"https:\/\/caroleamores.com\/index.php\/wp-json\/wp\/v2\/pages"}],"about":[{"href":"https:\/\/caroleamores.com\/index.php\/wp-json\/wp\/v2\/types\/page"}],"author":[{"embeddable":true,"href":"https:\/\/caroleamores.com\/index.php\/wp-json\/wp\/v2\/users\/1"}],"replies":[{"embeddable":true,"href":"https:\/\/caroleamores.com\/index.php\/wp-json\/wp\/v2\/comments?post=972"}],"version-history":[{"count":15,"href":"https:\/\/caroleamores.com\/index.php\/wp-json\/wp\/v2\/pages\/972\/revisions"}],"predecessor-version":[{"id":1357,"href":"https:\/\/caroleamores.com\/index.php\/wp-json\/wp\/v2\/pages\/972\/revisions\/1357"}],"wp:attachment":[{"href":"https:\/\/caroleamores.com\/index.php\/wp-json\/wp\/v2\/media?parent=972"}],"curies":[{"name":"wp","href":"https:\/\/api.w.org\/{rel}","templated":true}]}}