{"id":36402,"date":"2019-01-06T22:08:24","date_gmt":"2019-01-06T21:08:24","guid":{"rendered":"http:\/\/caroleamores.com\/?page_id=36402"},"modified":"2019-01-07T11:54:43","modified_gmt":"2019-01-07T10:54:43","slug":"temoignages","status":"publish","type":"page","link":"https:\/\/caroleamores.com\/index.php\/temoignages\/","title":{"rendered":"T\u00e9moignages"},"content":{"rendered":"<p>[et_pb_section fb_built=\u00a0\u00bb1&Prime; fullwidth=\u00a0\u00bbon\u00a0\u00bb prev_background_color=\u00a0\u00bb#ffffff\u00a0\u00bb next_background_color=\u00a0\u00bb#ffffff\u00a0\u00bb _builder_version=\u00a0\u00bb3.19.3&Prime; background_image=\u00a0\u00bbhttps:\/\/caroleamores.com\/wp-content\/uploads\/2019\/01\/photo-groupeMalory.jpg\u00a0\u00bb custom_padding=\u00a0\u00bb0px|0px|0|0px|false|false\u00a0\u00bb top_divider_style=\u00a0\u00bbwave2&Prime; top_divider_height=\u00a0\u00bb34px\u00a0\u00bb top_divider_flip=\u00a0\u00bbvertical\u00a0\u00bb bottom_divider_style=\u00a0\u00bbwave2&Prime; bottom_divider_height=\u00a0\u00bb30px\u00a0\u00bb][et_pb_fullwidth_header title=\u00a0\u00bbT\u00e9moignages\u00a0\u00bb text_orientation=\u00a0\u00bbcenter\u00a0\u00bb header_fullscreen=\u00a0\u00bbon\u00a0\u00bb _builder_version=\u00a0\u00bb3.19.3&Prime; title_font=\u00a0\u00bbSacramento||||||||\u00a0\u00bb title_font_size=\u00a0\u00bb83px\u00a0\u00bb title_font_size_phone=\u00a0\u00bb70px\u00a0\u00bb title_font_size_last_edited=\u00a0\u00bbon|phone\u00a0\u00bb background_color=\u00a0\u00bbrgba(0,0,0,0.29)\u00a0\u00bb parallax=\u00a0\u00bbon\u00a0\u00bb custom_margin_last_edited=\u00a0\u00bbon|phone\u00a0\u00bb custom_padding=\u00a0\u00bb||30%\u00a0\u00bb custom_padding_last_edited=\u00a0\u00bbon|desktop\u00a0\u00bb hover_enabled=\u00a0\u00bb0&Prime; title_text_align=\u00a0\u00bbcenter\u00a0\u00bb][\/et_pb_fullwidth_header][\/et_pb_section][et_pb_section fb_built=\u00a0\u00bb1&Prime; _builder_version=\u00a0\u00bb3.19&Prime; custom_padding=\u00a0\u00bb0||||false|false\u00a0\u00bb top_divider_color=\u00a0\u00bb#ffffff\u00a0\u00bb][et_pb_row use_custom_width=\u00a0\u00bbon\u00a0\u00bb custom_width_px=\u00a0\u00bb800px\u00a0\u00bb custom_padding=\u00a0\u00bb|0px||0px\u00a0\u00bb custom_padding_phone=\u00a0\u00bb|0px||0px\u00a0\u00bb custom_padding_last_edited=\u00a0\u00bbon|desktop\u00a0\u00bb padding_right_1=\u00a0\u00bb0px\u00a0\u00bb padding_left_1=\u00a0\u00bb0px\u00a0\u00bb _builder_version=\u00a0\u00bb3.19.3&Prime; module_alignment=\u00a0\u00bbcenter\u00a0\u00bb custom_margin_last_edited=\u00a0\u00bbon|phone\u00a0\u00bb][et_pb_column type=\u00a0\u00bb4_4&Prime; _builder_version=\u00a0\u00bb3.19&Prime; padding_left=\u00a0\u00bb0px\u00a0\u00bb padding_right=\u00a0\u00bb0px\u00a0\u00bb parallax=\u00a0\u00bboff\u00a0\u00bb parallax_method=\u00a0\u00bbon\u00a0\u00bb][et_pb_video_slider show_image_overlay=\u00a0\u00bbon\u00a0\u00bb _builder_version=\u00a0\u00bb3.19.3&Prime;][et_pb_video_slider_item admin_title=\u00a0\u00bb1ere\u00a0\u00bb src=\u00a0\u00bbhttps:\/\/www.youtube.com\/watch?v=31PSbKVQ6K4&Prime; _builder_version=\u00a0\u00bb3.19.3&Prime; show_image_overlay=\u00a0\u00bbon\u00a0\u00bb][\/et_pb_video_slider_item][et_pb_video_slider_item admin_title=\u00a0\u00bbFlorence 2eme\u00a0\u00bb src=\u00a0\u00bbhttps:\/\/www.youtube.com\/watch?v=46Gb6NXW0bo\u00a0\u00bb _builder_version=\u00a0\u00bb3.19.3&Prime; show_image_overlay=\u00a0\u00bbon\u00a0\u00bb][\/et_pb_video_slider_item][et_pb_video_slider_item admin_title=\u00a0\u00bbeve 3eme\u00a0\u00bb src=\u00a0\u00bbhttps:\/\/youtu.be\/ZSbtVtq04PE\u00a0\u00bb _builder_version=\u00a0\u00bb3.19.3&Prime; show_image_overlay=\u00a0\u00bbon\u00a0\u00bb][\/et_pb_video_slider_item][et_pb_video_slider_item admin_title=\u00a0\u00bbvero 4eme\u00a0\u00bb src=\u00a0\u00bbhttps:\/\/youtu.be\/7iIsMjI6yeg\u00a0\u00bb _builder_version=\u00a0\u00bb3.19.3&Prime; show_image_overlay=\u00a0\u00bbon\u00a0\u00bb][\/et_pb_video_slider_item][\/et_pb_video_slider][\/et_pb_column][\/et_pb_row][et_pb_row use_custom_width=\u00a0\u00bbon\u00a0\u00bb custom_width_px=\u00a0\u00bb800px\u00a0\u00bb custom_padding=\u00a0\u00bb81px|0px||0px|false|false\u00a0\u00bb custom_padding_phone=\u00a0\u00bb|0px||0px\u00a0\u00bb custom_padding_last_edited=\u00a0\u00bbon|desktop\u00a0\u00bb padding_right_1=\u00a0\u00bb0px\u00a0\u00bb padding_left_1=\u00a0\u00bb0px\u00a0\u00bb _builder_version=\u00a0\u00bb3.19.3&Prime; module_alignment=\u00a0\u00bbcenter\u00a0\u00bb custom_margin_last_edited=\u00a0\u00bbon|phone\u00a0\u00bb][et_pb_column type=\u00a0\u00bb4_4&Prime; _builder_version=\u00a0\u00bb3.19&Prime; padding_left=\u00a0\u00bb0px\u00a0\u00bb padding_right=\u00a0\u00bb0px\u00a0\u00bb parallax=\u00a0\u00bboff\u00a0\u00bb parallax_method=\u00a0\u00bbon\u00a0\u00bb][et_pb_video_slider show_image_overlay=\u00a0\u00bbon\u00a0\u00bb _builder_version=\u00a0\u00bb3.19.3&Prime;][et_pb_video_slider_item admin_title=\u00a0\u00bbvero br\u00e9aht\u00a0\u00bb src=\u00a0\u00bbhttps:\/\/youtu.be\/FBe5OTz1zvc\u00a0\u00bb _builder_version=\u00a0\u00bb3.19.3&Prime; show_image_overlay=\u00a0\u00bbon\u00a0\u00bb][\/et_pb_video_slider_item][et_pb_video_slider_item admin_title=\u00a0\u00bbvero suresnes\u00a0\u00bb src=\u00a0\u00bbhttps:\/\/youtu.be\/guVg1dl7efU\u00a0\u00bb _builder_version=\u00a0\u00bb3.19.3&Prime; show_image_overlay=\u00a0\u00bbon\u00a0\u00bb][\/et_pb_video_slider_item][et_pb_video_slider_item admin_title=\u00a0\u00bbMathilde\u00a0\u00bb src=\u00a0\u00bbhttps:\/\/youtu.be\/bKxIBOyF5jA\u00a0\u00bb _builder_version=\u00a0\u00bb3.19.3&Prime; show_image_overlay=\u00a0\u00bbon\u00a0\u00bb][\/et_pb_video_slider_item][et_pb_video_slider_item admin_title=\u00a0\u00bboser s&rsquo;aimer\u00a0\u00bb src=\u00a0\u00bbhttps:\/\/youtu.be\/MlR_8BK76NM\u00a0\u00bb _builder_version=\u00a0\u00bb3.19.3&Prime; show_image_overlay=\u00a0\u00bbon\u00a0\u00bb][\/et_pb_video_slider_item][\/et_pb_video_slider][et_pb_team_member name=\u00a0\u00bbChristelle\u00a0\u00bb _builder_version=\u00a0\u00bb3.19.3&Prime; header_font=\u00a0\u00bbSacramento||||||||\u00a0\u00bb header_text_color=\u00a0\u00bb#6a0091&Prime; header_font_size=\u00a0\u00bb30px\u00a0\u00bb body_font=\u00a0\u00bbMontserrat||||||||\u00a0\u00bb body_text_color=\u00a0\u00bb #636363&Prime; custom_padding=\u00a0\u00bb0%||\u00a0\u00bb animation_style=\u00a0\u00bbslide\u00a0\u00bb animation_direction=\u00a0\u00bbleft\u00a0\u00bb animation_duration=\u00a0\u00bb1500ms\u00a0\u00bb animation_intensity_slide=\u00a0\u00bb3%\u00a0\u00bb animation_starting_opacity=\u00a0\u00bb30%\u00a0\u00bb]<\/p>\n<p><span style=\"font-weight: 400;\"><strong>Accompagnement th\u00e9rapeutique global<\/strong><br \/> <\/span><span style=\"font-weight: 400;\">Cela fait quelques mois que je pratique les s\u00e9ances de psychologie, sophrologie et EFT. Ces diverses s\u00e9ances m\u2019ont aid\u00e9es \u00e0 me conna\u00eetre je suis devenue une autre personne : je me sens sereine, calme et tranquille. Je d\u00e9borde de vitalit\u00e9 et de joie. Carole m\u2019accompagne, me guide et surtout m\u2019aide \u00e0 affronter les diverses emb\u00fbches sur le chemin de la vie avec beaucoup de recul, de sagesse et d\u2019\u00e9nergie positive. Mon parcours est assez complexe, douloureux et violent, j\u2019ai encore du chemin \u00e0 faire\u2026 mais je reste confiante.<br \/> <\/span><span style=\"font-weight: 400;\">J\u2019ai tellement fait de progr\u00e9s avec Carole, ma vie s\u2019est tellement am\u00e9lior\u00e9e depuis quelques mois !!! Et, le plus important est que je deviens tr\u00e8s autonome : J\u2019arrive \u00e0 g\u00e9rer, avec tous les outils que m\u2019apportent ces s\u00e9ances, les probl\u00e8mes du quotidien. \u00bb<\/span><\/p>\n<p>[\/et_pb_team_member][et_pb_team_member name=\u00a0\u00bbSylvie\u00a0\u00bb _builder_version=\u00a0\u00bb3.19.3&Prime; header_font=\u00a0\u00bbSacramento||||||||\u00a0\u00bb header_text_color=\u00a0\u00bb#6a0091&Prime; header_font_size=\u00a0\u00bb30px\u00a0\u00bb body_font=\u00a0\u00bbMontserrat||||||||\u00a0\u00bb body_text_color=\u00a0\u00bb #636363&Prime; custom_padding=\u00a0\u00bb0%||\u00a0\u00bb animation_style=\u00a0\u00bbslide\u00a0\u00bb animation_direction=\u00a0\u00bbleft\u00a0\u00bb animation_duration=\u00a0\u00bb1500ms\u00a0\u00bb animation_intensity_slide=\u00a0\u00bb3%\u00a0\u00bb animation_starting_opacity=\u00a0\u00bb30%\u00a0\u00bb]<\/p>\n<p><span style=\"font-weight: 400;\"><strong>Insomnie, fortes angoisses et gestion du stress<\/strong><br \/><\/span><span style=\"font-weight: 400;\">\u00ab L\u2019EFT \u00a0\u00e0 chang\u00e9 beaucoup de choses dans ma vie. Mme Amores m\u2019a mise en confiance alors que j\u2019\u00e9tais vraiment tr\u00e8s angoiss\u00e9e. Aujourd\u2019hui je me sens beaucoup mieux, je suis plus sereine dans la vie. Mes angoisses ont diminu\u00e9es, celles au volant ont disparues tout comme mes insomnies qui ne sont qu\u2019un mauvais souvenir.<br \/><\/span><span style=\"font-weight: 400;\">L\u2019EFT est une m\u00e9thode rapide qui change beaucoup de choses en soi. En plus, Mme Amores m\u2019a guid\u00e9e pour que je puisse pratiquer \u00e0 la maison quand j\u2019en ai envie et besoin, ce que je fais r\u00e9guli\u00e8rement depuis. \u00bb<\/span><\/p>\n<p>[\/et_pb_team_member][et_pb_team_member name=\u00a0\u00bbNathan, 7 ans \u00a0\u00bb _builder_version=\u00a0\u00bb3.19.3&Prime; header_font=\u00a0\u00bbSacramento||||||||\u00a0\u00bb header_text_color=\u00a0\u00bb#6a0091&Prime; header_font_size=\u00a0\u00bb30px\u00a0\u00bb body_font=\u00a0\u00bbMontserrat||||||||\u00a0\u00bb body_text_color=\u00a0\u00bb #636363&Prime; custom_padding=\u00a0\u00bb0%||\u00a0\u00bb animation_style=\u00a0\u00bbslide\u00a0\u00bb animation_direction=\u00a0\u00bbleft\u00a0\u00bb animation_duration=\u00a0\u00bb1500ms\u00a0\u00bb animation_intensity_slide=\u00a0\u00bb3%\u00a0\u00bb animation_starting_opacity=\u00a0\u00bb30%\u00a0\u00bb]<\/p>\n<p><span style=\"font-weight: 400;\"><strong>Fortes crises d\u2019angoisse et probl\u00e8mes alimentaires<\/strong><br \/>\u201cJe me sens beaucoup mieux, c\u2019est fini\u2026.je t\u2019aime beaucoup\u2026 \u201c <\/span><\/p>\n<p>[\/et_pb_team_member][et_pb_team_member name=\u00a0\u00bbMarie-Cl\u00e9mentine \u00a0\u00bb _builder_version=\u00a0\u00bb3.19.3&Prime; header_font=\u00a0\u00bbSacramento||||||||\u00a0\u00bb header_text_color=\u00a0\u00bb#6a0091&Prime; header_font_size=\u00a0\u00bb30px\u00a0\u00bb body_font=\u00a0\u00bbMontserrat||||||||\u00a0\u00bb body_text_color=\u00a0\u00bb #636363&Prime; custom_padding=\u00a0\u00bb0%||\u00a0\u00bb animation_style=\u00a0\u00bbslide\u00a0\u00bb animation_direction=\u00a0\u00bbleft\u00a0\u00bb animation_duration=\u00a0\u00bb1500ms\u00a0\u00bb animation_intensity_slide=\u00a0\u00bb3%\u00a0\u00bb animation_starting_opacity=\u00a0\u00bb30%\u00a0\u00bb]<\/p>\n<p><span style=\"font-weight: 400;\"><strong>Accompagnement \u00e0 la maternit\u00e9<\/strong><br \/><\/span><span style=\"font-weight: 400;\">\u00ab La premi\u00e8re fois que j\u2019ai abord\u00e9 la sophrologie c\u2019\u00e9tait avec Carole au cours de ma seconde grossesse.J\u2019ai tout de suite eu confiance en elle et en son approche. Alors qu\u2019il m\u2019\u00e9tait difficile de le faire, j\u2019ai pu au cours de nos s\u00e9ances me mettre au contact de ma fille, dialoguer avec elle et j\u2019ai pris conscience qu\u2019elle et moi nous \u00e9tions une \u00e9quipe. Carole m\u2019a fait faire l\u2019exp\u00e9rience de la communication au-del\u00e0 du visible et au-del\u00e0 du dicible. Ses s\u00e9ances de sophro nous ont connect\u00e9es \u00e9motionnellement\u2026Ma fille a 9 mois aujourd\u2019hui et notre relation est particuli\u00e8re. elle est empreinte de ce dialogue intime et extraordinaire que nous avons eu l\u2019immense chance d\u2019avoir quand j\u2019\u00e9tais enceinte. Il a \u00e9t\u00e9 fondateur dans notre histoire. Merci Carole\u2026 \u00bb<\/span><\/p>\n<p>[\/et_pb_team_member][et_pb_team_member name=\u00a0\u00bbCarole \u00a0\u00bb _builder_version=\u00a0\u00bb3.19.3&Prime; header_font=\u00a0\u00bbSacramento||||||||\u00a0\u00bb header_text_color=\u00a0\u00bb#6a0091&Prime; header_font_size=\u00a0\u00bb30px\u00a0\u00bb body_font=\u00a0\u00bbMontserrat||||||||\u00a0\u00bb body_text_color=\u00a0\u00bb #636363&Prime; custom_padding=\u00a0\u00bb0%||\u00a0\u00bb animation_style=\u00a0\u00bbslide\u00a0\u00bb animation_direction=\u00a0\u00bbleft\u00a0\u00bb animation_duration=\u00a0\u00bb1500ms\u00a0\u00bb animation_intensity_slide=\u00a0\u00bb3%\u00a0\u00bb animation_starting_opacity=\u00a0\u00bb30%\u00a0\u00bb]<\/p>\n<p><strong>Accompagnement \u00e0 la maternit\u00e9 et probl\u00e8me de sommeil<br \/><\/strong><span style=\"font-weight: 400;\">\u00ab En effet 1 an apr\u00e8s, j\u2019ai toujours un grand bonheur \u00e0 repenser \u00e0 mon accouchement.<br \/><\/span><span style=\"font-weight: 400;\">Le jour J, gr\u00e2ce \u00e0 toi, j\u2019\u00e9tais pr\u00eate, Nous \u00e9tions pr\u00eate, ma fille et moi \u00e0 vivre le plus beau moment de notre vie. Avec ton aide, j\u2019ai retrouv\u00e9 s\u00e9r\u00e9nit\u00e9 et sourire. Toutes les mauvaises images du pass\u00e9 se sont envol\u00e9es suite \u00e0 nos rdv.<br \/><\/span><span style=\"font-weight: 400;\">Puis nous nous sommes revues pour mes probl\u00e8mes d\u2019insomnies et d\u2019angoisses r\u00e9currentes depuis mon enfance. Depuis j\u2019ai d\u00e9couvert ce que DORMIR voulait dire. Mes angoisses se sont grandement att\u00e9nu\u00e9es, et aujourd\u2019hui je savoure le plaisir d\u2019aller me coucher.<br \/><\/span><span style=\"font-weight: 400;\">Alors Merci, m\u00eame si j\u2019aimerai trouver un autre mot pour te dire toute ma gratitude. \u00bb <\/span><\/p>\n<p>[\/et_pb_team_member][et_pb_team_member name=\u00a0\u00bbEve, maman de Z\u00e9line 11ans\u00a0\u00bb _builder_version=\u00a0\u00bb3.19.3&Prime; header_font=\u00a0\u00bbSacramento||||||||\u00a0\u00bb header_text_color=\u00a0\u00bb#6a0091&Prime; header_font_size=\u00a0\u00bb30px\u00a0\u00bb body_font=\u00a0\u00bbMontserrat||||||||\u00a0\u00bb body_text_color=\u00a0\u00bb #636363&Prime; custom_padding=\u00a0\u00bb0%||\u00a0\u00bb animation_style=\u00a0\u00bbslide\u00a0\u00bb animation_direction=\u00a0\u00bbleft\u00a0\u00bb animation_duration=\u00a0\u00bb1500ms\u00a0\u00bb animation_intensity_slide=\u00a0\u00bb3%\u00a0\u00bb animation_starting_opacity=\u00a0\u00bb30%\u00a0\u00bb]<\/p>\n<p><span style=\"font-weight: 400;\"><strong>Peur de grandir<\/strong><strong style=\"font-weight: 400;\"><br \/><\/strong><\/span><span style=\"font-weight: 400;\">\u00ab Merci beaucoup Carole pour ton \u00e9coute, ta compr\u00e9hension subtile et ta g\u00e9n\u00e9rosit\u00e9. Ce n\u2019est vraiment pas facile de confier son enfant \u00e0 un tiers m\u00eame quand on sait qu\u2019il est bienveillant. Z\u00e9line a \u00e9t\u00e9 tout de suite en confiance avec toi et cela a \u00e9t\u00e9 pr\u00e9cieux pour moi. Depuis qu\u2019elle a commenc\u00e9 \u00e0 \u00ab travailler \u00bb avec toi, elle est apais\u00e9e et a beaucoup plus confiance en elle. Sa joie de vivre devient communicative et elle accepte doucement l\u2019id\u00e9e de grandir. Elle commence \u00e0 faire ses s\u00e9ances toute seule \u00e0 la maison : c\u2019est comme si elle devenait responsable d\u2019elle-m\u00eame\u2026 Je la regarde \u00e9voluer avec plaisir et soulagement.<br \/><\/span><span style=\"font-weight: 400;\">Je souhaitais juste te dire \u00e0 quel point \u00a0je te suis reconnaissante de ton aide si douce et si professionnelle \u00bb.<\/span><\/p>\n<p>[\/et_pb_team_member][et_pb_team_member name=\u00a0\u00bbV\u00e9ronique \u00a0\u00bb _builder_version=\u00a0\u00bb3.19.3&Prime; header_font=\u00a0\u00bbSacramento||||||||\u00a0\u00bb header_text_color=\u00a0\u00bb#6a0091&Prime; header_font_size=\u00a0\u00bb30px\u00a0\u00bb body_font=\u00a0\u00bbMontserrat||||||||\u00a0\u00bb body_text_color=\u00a0\u00bb #636363&Prime; custom_padding=\u00a0\u00bb0%||\u00a0\u00bb animation_style=\u00a0\u00bbslide\u00a0\u00bb animation_direction=\u00a0\u00bbleft\u00a0\u00bb animation_duration=\u00a0\u00bb1500ms\u00a0\u00bb animation_intensity_slide=\u00a0\u00bb3%\u00a0\u00bb animation_starting_opacity=\u00a0\u00bb30%\u00a0\u00bb]<\/p>\n<p><span style=\"font-weight: 400;\"><strong>Phobie de l\u2019avion et accompagnement global<br \/><\/strong> \u00ab Je suis venue pour ma phobie de l\u2019avion que nous avons r\u00e9gl\u00e9e rapidement et j\u2019ai pu voler pendant 14h en toute tranquilit\u00e9! Merci pour cela.<br \/><\/span><span style=\"font-weight: 400;\">Et surtout merci parce que vous m\u2019apportez bien plus concernant d\u2019autres sujets essentiels de ma vie\u2026 \u00bb <\/span><\/p>\n<p>[\/et_pb_team_member][\/et_pb_column][\/et_pb_row][\/et_pb_section]<\/p>\n","protected":false},"excerpt":{"rendered":"<p>Accompagnement th\u00e9rapeutique global Cela fait quelques mois que je pratique les s\u00e9ances de psychologie, sophrologie et EFT. Ces diverses s\u00e9ances m\u2019ont aid\u00e9es \u00e0 me conna\u00eetre je suis devenue une autre personne : je me sens sereine, calme et tranquille. Je d\u00e9borde de vitalit\u00e9 et de joie. Carole m\u2019accompagne, me guide et surtout m\u2019aide \u00e0 affronter [&hellip;]<\/p>\n","protected":false},"author":2,"featured_media":1515,"parent":0,"menu_order":0,"comment_status":"closed","ping_status":"closed","template":"","meta":{"_et_pb_use_builder":"on","_et_pb_old_content":"","_et_gb_content_width":"","jetpack_post_was_ever_published":false,"footnotes":""},"class_list":["post-36402","page","type-page","status-publish","has-post-thumbnail","hentry"],"jetpack_sharing_enabled":true,"jetpack_shortlink":"https:\/\/wp.me\/P7064H-9t8","jetpack-related-posts":[{"id":34902,"url":"https:\/\/caroleamores.com\/","url_meta":{"origin":36402,"position":0},"title":"carole amores","date":"20 ao\u00fbt 2018","format":false,"excerpt":"","rel":"","context":"Article similaire","img":{"alt_text":"","src":"","width":0,"height":0},"classes":[]},{"id":36074,"url":"https:\/\/caroleamores.com\/index.php\/36074-2\/","url_meta":{"origin":36402,"position":1},"title":"Ateliers et Stages","date":"30 d\u00e9cembre 2018","format":false,"excerpt":"","rel":"","context":"Article similaire","img":{"alt_text":"","src":"https:\/\/i0.wp.com\/caroleamores.com\/wp-content\/uploads\/2018\/12\/groupe2.jpg?fit=1200%2C675&ssl=1&resize=350%2C200","width":350,"height":200},"classes":[]},{"id":36221,"url":"https:\/\/caroleamores.com\/index.php\/36221-2\/","url_meta":{"origin":36402,"position":2},"title":"Article sans titre","date":"1 janvier 2019","format":false,"excerpt":"","rel":"","context":"Article similaire","img":{"alt_text":"","src":"","width":0,"height":0},"classes":[]},{"id":35404,"url":"https:\/\/caroleamores.com\/index.php\/seances-individuelles\/","url_meta":{"origin":36402,"position":3},"title":"S\u00e9ances individuelles","date":"26 ao\u00fbt 2018","format":false,"excerpt":"","rel":"","context":"Article similaire","img":{"alt_text":"","src":"","width":0,"height":0},"classes":[]},{"id":35661,"url":"https:\/\/caroleamores.com\/index.php\/35661-2\/","url_meta":{"origin":36402,"position":4},"title":"Article sans titre","date":"4 octobre 2018","format":false,"excerpt":"","rel":"","context":"Article similaire","img":{"alt_text":"","src":"","width":0,"height":0},"classes":[]}],"_links":{"self":[{"href":"https:\/\/caroleamores.com\/index.php\/wp-json\/wp\/v2\/pages\/36402","targetHints":{"allow":["GET"]}}],"collection":[{"href":"https:\/\/caroleamores.com\/index.php\/wp-json\/wp\/v2\/pages"}],"about":[{"href":"https:\/\/caroleamores.com\/index.php\/wp-json\/wp\/v2\/types\/page"}],"author":[{"embeddable":true,"href":"https:\/\/caroleamores.com\/index.php\/wp-json\/wp\/v2\/users\/2"}],"replies":[{"embeddable":true,"href":"https:\/\/caroleamores.com\/index.php\/wp-json\/wp\/v2\/comments?post=36402"}],"version-history":[{"count":25,"href":"https:\/\/caroleamores.com\/index.php\/wp-json\/wp\/v2\/pages\/36402\/revisions"}],"predecessor-version":[{"id":36507,"href":"https:\/\/caroleamores.com\/index.php\/wp-json\/wp\/v2\/pages\/36402\/revisions\/36507"}],"wp:featuredmedia":[{"embeddable":true,"href":"https:\/\/caroleamores.com\/index.php\/wp-json\/wp\/v2\/media\/1515"}],"wp:attachment":[{"href":"https:\/\/caroleamores.com\/index.php\/wp-json\/wp\/v2\/media?parent=36402"}],"curies":[{"name":"wp","href":"https:\/\/api.w.org\/{rel}","templated":true}]}}